{"id":214,"date":"2021-08-15T22:35:25","date_gmt":"2021-08-15T20:35:25","guid":{"rendered":"http:\/\/jake-vision.pl\/?page_id=214"},"modified":"2025-08-05T22:26:51","modified_gmt":"2025-08-05T20:26:51","slug":"o-jake-vision","status":"publish","type":"page","link":"https:\/\/jake-vision.pl\/pl_PL\/o-jake-vision\/","title":{"rendered":"O Jake Vision"},"content":{"rendered":"\n<h4>\n                   Na czele grupy <span>Jake Vision<\/span> stoi uznany producent i re\u017cyser <span>Beerend Jan Kepinski<\/span>, kt\u00f3ry odpowiada\u0142 za re\u017cyseri\u0119 m.in. \u201eTa\u0144ca z Gwiazdami\u201d czy \u201eDzie\u0144 Dobry TVN\u201d. Wspiera go do\u015bwiadczony, mi\u0119dzynarodowy zesp\u00f3\u0142 gwarantuj\u0105cy tak fachowe wykonanie, jak i \u015bwie\u017ce spojrzenie na ka\u017cdy potencjalny projekt.   <\/h4>\n <p class=\"small-p\">\nFirma nieustannie inwestuje w najnowsze technologie, zapewniaj\u0105ce najwy\u017cszy poziom realizowanych produkcji.<\/p>\n              \n\n                <p class=\"small-p\">\n                   Jako wiod\u0105cy gracz na polskim rynku telewizyjnym grupa <span>Jake Vision<\/span> odpowiada za realizacj\u0119 odnosz\u0105cych spektakularne sukcesy produkcji od lat podbijaj\u0105cych serca widz\u00f3w. Wsp\u00f3\u0142praca z kluczowymi stacjami zaowocowa\u0142a hitami takimi jak \u201eMilionerzy\u201d, \u201eNinja Warrior\u201d, \u201cAgent\u201d, \u201eHell\u2019s kitchen\u201d, \u201eMust be the Music\u201d, \u201eWyspa przetrwania\u201d czy \u201eLove Island\u201d, a bogate do\u015bwiadczenie oraz wiedza z zakresu medi\u00f3w pozwalaj\u0105 nam z powodzeniem odpowiada\u0107 na potrzeby tak rodzimych, jak i zagranicznych klient\u00f3w, w tym korporacji i dom\u00f3w mediowych.\n                <\/p> \n\n                <p class=\"small-p\">\n                    W 2019 r. wykonano kolejny krok w rozwoju firmy, przejmuj\u0105c wi\u0119kszo\u015b\u0107 udzia\u0142\u00f3w DGA Studio i produkuj\u0105c nasz pierwszy serial, <span>\u201eMotyw\u201d<\/span>, na zlecenie stacji TVN.\n                <\/p><br \/><br \/><br \/>\n\n\n\n<figure class=\"wp-block-image size-large\"><img loading=\"lazy\" decoding=\"async\" width=\"1024\" height=\"464\" src=\"http:\/\/jake-vision.pl\/wp-content\/uploads\/2021\/08\/beerend-jan-kepinski--1024x464.jpg\" alt=\"\" class=\"wp-image-202\" srcset=\"https:\/\/jake-vision.pl\/wp-content\/uploads\/2021\/08\/beerend-jan-kepinski--1024x464.jpg 1024w, https:\/\/jake-vision.pl\/wp-content\/uploads\/2021\/08\/beerend-jan-kepinski--300x136.jpg 300w, https:\/\/jake-vision.pl\/wp-content\/uploads\/2021\/08\/beerend-jan-kepinski--768x348.jpg 768w, https:\/\/jake-vision.pl\/wp-content\/uploads\/2021\/08\/beerend-jan-kepinski--1536x696.jpg 1536w, https:\/\/jake-vision.pl\/wp-content\/uploads\/2021\/08\/beerend-jan-kepinski--1200x544.jpg 1200w, https:\/\/jake-vision.pl\/wp-content\/uploads\/2021\/08\/beerend-jan-kepinski-.jpg 1920w\" sizes=\"auto, (max-width: 709px) 85vw, (max-width: 909px) 67vw, (max-width: 1362px) 62vw, 840px\" \/><\/figure>\n\n\n\n<h4><span>Beerend Jan Kepinski<\/span><br \/> Beerend Jan studiowa\u0142 w PWSFTviT w \u0141odzi, karier\u0119 rozpocz\u0105\u0142 w Endemol Polska, gdzie wyre\u017cyserowa\u0142 \u201eBig Brothera\u201d.<\/h4>\n\n<p>Od 2002 roku pracowa\u0142 w TVN i wyre\u017cyserowa\u0142 wiele program\u00f3w, m.in. \u201eTaniec z gwiazdami\u201d. W latach 1999-2005 wyre\u017cyserowa\u0142 460 odcink\u00f3w teleturnieju \u201eKto chce zosta\u0107 milionerem \u2013 Milionerzy\u201d.<br \/>\nA od 2008 roku jest tak\u017ce producentem tego programu.<\/p>\n\n<p>W 2011 roku za\u0142o\u017cy\u0142 Jake Vision.<br \/>\nW Jake Vision wyprodukowali\u015bmy wiele program\u00f3w telewizyjnych, takich jak \u201eMust Be the Music \u2013 Tylko Muzyka\u201d, \u201eThe Mole \u2013 Agent\u201d, \u201eTop Chef\u201d, \u201eHell\u2019s Kitchen\u201d, \u201eBake Off \u2013 Ale ciacho!\u201d, \u201eNinja Warrior\u201d i \u201eWyspa mi\u0142o\u015bci\u201d.<br \/>\nW 2019 roku Jake Vision kupi\u0142 wi\u0119kszo\u015b\u0107 w DGA, firmie produkuj\u0105cej seriale telewizyjne.<\/p>\n\n<p>Pierwszym serialem telewizyjnym wyprodukowanym przez Jake Vision DGA by\u0142 serial \u201eMotyw\u201d. Od tego czasu wyprodukowali\u015bmy 4 kolejne seriale, m.in. \u201eTajemnica zawodowa\u201d, \u201ePi\u0119kni i bezrobotni\u201d oraz \u201eMamy to\u201d.<br \/>\nW 2021 roku za\u0142o\u017cyli\u015bmy trzeci oddzia\u0142 o nazwie Jake Vision Commercials.<\/p><br \/><br \/>\n\n\n\n<figure class=\"wp-block-image size-large\"><img loading=\"lazy\" decoding=\"async\" width=\"1024\" height=\"396\" src=\"http:\/\/jake-vision.pl\/wp-content\/uploads\/2021\/09\/dorota-kosmicka-gacke-1024x396.jpg\" alt=\"\" class=\"wp-image-255\" srcset=\"https:\/\/jake-vision.pl\/wp-content\/uploads\/2021\/09\/dorota-kosmicka-gacke-1024x396.jpg 1024w, https:\/\/jake-vision.pl\/wp-content\/uploads\/2021\/09\/dorota-kosmicka-gacke-300x116.jpg 300w, https:\/\/jake-vision.pl\/wp-content\/uploads\/2021\/09\/dorota-kosmicka-gacke-768x297.jpg 768w, https:\/\/jake-vision.pl\/wp-content\/uploads\/2021\/09\/dorota-kosmicka-gacke-1536x593.jpg 1536w, https:\/\/jake-vision.pl\/wp-content\/uploads\/2021\/09\/dorota-kosmicka-gacke-1200x464.jpg 1200w, https:\/\/jake-vision.pl\/wp-content\/uploads\/2021\/09\/dorota-kosmicka-gacke.jpg 1600w\" sizes=\"auto, (max-width: 709px) 85vw, (max-width: 909px) 67vw, (max-width: 1362px) 62vw, 840px\" \/><\/figure>\n\n\n\n<h4><span>Dorota Ko\u015bmicka<\/span> \n<br \/>Dorota Ko\u015bmicka (ur. 1971) to jedna z najbardziej cenionych producentek filmowych i telewizyjnych w Polsce. <\/h4>\n\n<p>Karier\u0119 rozpoczyna\u0142a ponad 25 lat temu w HBO jako kierownik dzia\u0142u produkcji fabularnych, producent i koproducent. W latach 2001-2008 zwi\u0105zana z Grup\u0105 TVN, gdzie pracowa\u0142a przy najpopularniejszych serialach stacji (m.in. \u201eKasia i Tomek&#8221;, \u201eCamera Cafe\u201d, \u201eHela w opa\u0142ach\u201d i \u201eNiania\u201d), a tak\u017ce filmach fabularnych: \u201eNigdy w \u017cyciu\u201d oraz \u201eVinci\u201d. Nast\u0119pnie w latach 2008-2014 odpowiada\u0142a za nadz\u00f3r produkcji Telewizji Polskiej (m.in. \u201erodzinka.pl\u201d, \u201eLondy\u0144czycy\u201d, \u201eCzas honoru\u201d, \u201eTancerze\u201d). Od 2014 zwi\u0105zana z Grup\u0105 ATM. W roku 2017 Ko\u015bmicka uruchomi\u0142a DGA Studio. Jako wiceprezes sp\u00f3\u0142ki i producent nadzoruj\u0105cy wyprodukowa\u0142a mi\u0119dzy innymi cztery sezony kasowego serialu \u201eDiagnoza\u201d dla TVN, a tak\u017ce \u201eMotyw\u201d, \u201eTajemnica zawodowa\u201d, \u201eMamy to\u201d oraz \u201ePi\u0119kni i bezrobotni\u201d.<\/p>\n\n<p>Jest laureatk\u0105 presti\u017cowych nagr\u00f3d, w tym miesi\u0119cznik\u00f3w \u201ePANI\u201d oraz \u201eElle\u201d. Nominowana do Wiktora 2012. Wsp\u00f3\u0142tworzone przez ni\u0105 seriale by\u0142y nagradzane Telekamerami.<\/p><br \/><br \/>\n\n\n\n<figure class=\"wp-block-image size-large\"><img loading=\"lazy\" decoding=\"async\" width=\"1024\" height=\"464\" src=\"https:\/\/jake-vision.pl\/wp-content\/uploads\/2024\/12\/dominik-oganiaczyk-1024x464.jpg\" alt=\"\" class=\"wp-image-9018\" srcset=\"https:\/\/jake-vision.pl\/wp-content\/uploads\/2024\/12\/dominik-oganiaczyk-1024x464.jpg 1024w, https:\/\/jake-vision.pl\/wp-content\/uploads\/2024\/12\/dominik-oganiaczyk-300x136.jpg 300w, https:\/\/jake-vision.pl\/wp-content\/uploads\/2024\/12\/dominik-oganiaczyk-768x348.jpg 768w, https:\/\/jake-vision.pl\/wp-content\/uploads\/2024\/12\/dominik-oganiaczyk-1200x544.jpg 1200w, https:\/\/jake-vision.pl\/wp-content\/uploads\/2024\/12\/dominik-oganiaczyk.jpg 1536w\" sizes=\"auto, (max-width: 709px) 85vw, (max-width: 909px) 67vw, (max-width: 1362px) 62vw, 840px\" \/><\/figure>\n\n\n\n<h4><span>Dominik Oganiaczyk<\/span> \n<br \/>Dominik Oganiaczyk studiowa\u0142 w \u0142\u00f3dzkiej PWSFViT na Wydziale Produkcji Filmowej i Telewizyjnej, jest r\u00f3wnie\u017c absolwentem filmoznawstwa na Uniwersytecie \u0141\u00f3dzkim <\/h4>\n\n<p>Swoj\u0105 karier\u0119 zawodow\u0105 rozwija\u0142 pracuj\u0105c w Jake Vision od pocz\u0105tk\u00f3w istnienia firmy, wcze\u015bniej zdobywaj\u0105c do\u015bwiadczenie w Intergalactic oraz wsp\u00f3\u0142pracuj\u0105c na wielu planach z czo\u0142owymi producentami telewizyjnymi w Polsce.\n<\/p>\n\n<p>Od 2015 roku Szef Produkcji z firmie Jake Vision. Na przestrzeni lat pracy w bran\u017cy telewizyjnej wyprodukowa\u0142 szereg program\u00f3w, kt\u00f3re odnios\u0142y znacz\u0105cy sukces w polskiej telewizji. By\u0142y to takie formaty jak \u201cMust Be The Music\u201d, \u201cTop Chef\u201d, \u201cHell\u2019s Kitchen\u201d, \u201cAgent Gwiazdy\u201d, \u201cLove Island\u201d, \u201cEternal Glory\u201d i inne.<\/p>\n\n<p>Wieloletnia praktyka pozwoli\u0142a mu pozna\u0107 ka\u017cdy etap produkcji telewizyjnej \u2013 od pomys\u0142u, przez realizacj\u0119, a\u017c po finalny efekt na ekranie. Dzi\u0119ki swojej wiedzy i pasji do bran\u017cy, \u0142\u0105czy kreatywno\u015b\u0107 z rzetelnym podej\u015bciem do ka\u017cdego projektu, co czyni go niezast\u0105pionym specjalist\u0105 w realizacji ambitnych format\u00f3w telewizyjnych.<\/p>\n<br \/><br \/>\n\n\n\n<figure class=\"wp-block-image size-large\"><img loading=\"lazy\" decoding=\"async\" width=\"1024\" height=\"464\" src=\"https:\/\/jake-vision.pl\/wp-content\/uploads\/2025\/04\/piotr-kabaj-1024x464.jpg\" alt=\"\" class=\"wp-image-9143\" srcset=\"https:\/\/jake-vision.pl\/wp-content\/uploads\/2025\/04\/piotr-kabaj-1024x464.jpg 1024w, https:\/\/jake-vision.pl\/wp-content\/uploads\/2025\/04\/piotr-kabaj-300x136.jpg 300w, https:\/\/jake-vision.pl\/wp-content\/uploads\/2025\/04\/piotr-kabaj-768x348.jpg 768w, https:\/\/jake-vision.pl\/wp-content\/uploads\/2025\/04\/piotr-kabaj-1200x544.jpg 1200w, https:\/\/jake-vision.pl\/wp-content\/uploads\/2025\/04\/piotr-kabaj.jpg 1536w\" sizes=\"auto, (max-width: 709px) 85vw, (max-width: 909px) 67vw, (max-width: 1362px) 62vw, 840px\" \/><\/figure>\n\n\n\n<h4><span>Piotr Kabaj<\/span> \n<br \/>Piotr Kabaj to mened\u017cer z ponad 35-letnim do\u015bwiadczeniem w zarz\u0105dzaniu, budowaniu strategii i rozwoju biznesu, zdobytym g\u0142\u00f3wnie w bran\u017cy muzycznej<\/h4>\n\n<p>Przez lata kierowa\u0142 m.in. Warner Music Poland oraz strukturami Warner Music w regionie Europy Wschodniej. Teraz swoje kompetencje w zakresie skalowania projekt\u00f3w mi\u0119dzynarodowych wykorzysta we wspieraniu Jake Vision w kluczowych obszarach transformacji i dalszego wzrostu. \n<\/p>\n\n<p>Piotr Kabaj wsp\u00f3\u0142tworzy\u0142 rynek fonograficzny w Polsce \u2013 od za\u0142o\u017cenia niezale\u017cnej wytw\u00f3rni Pomaton, przez kierowanie firmami EMI Music i Warner Music, a\u017c po ostatni\u0105 rol\u0119 CEO w firmie takt \u2013 jednym z wiod\u0105cych \u015bwiatowych producent\u00f3w p\u0142yt winylowych i CD. Jest uznawany za skutecznego lidera, negocjatora i architekta zmian. W przesz\u0142o\u015bci aktywnie uczestniczy\u0142 w procesach legislacyjnych na rzecz reform prawa autorskiego w Polsce i Unii Europejskiej.<\/p>\n<br \/><br \/>\n","protected":false},"excerpt":{"rendered":"<p><!-- wp:html --><\/p>\n<h4>\n                   Na czele grupy <span>Jake Vision<\/span> stoi uznany producent i re\u017cyser <span>Beerend Jan Kepinski<\/span>, kt\u00f3ry odpowiada\u0142 za re\u017cyseri\u0119 m.in. \u201eTa\u0144ca z Gwiazdami\u201d czy \u201eDzie\u0144 Dobry TVN\u201d. Wspiera go do\u015bwiadczony&#8230;<\/p>\n","protected":false},"author":1,"featured_media":0,"parent":0,"menu_order":0,"comment_status":"closed","ping_status":"closed","template":"bio.php","meta":{"footnotes":""},"class_list":["post-214","page","type-page","status-publish","hentry"],"publishpress_future_action":{"enabled":false,"date":"2026-04-25 13:02:11","action":"change-status","newStatus":"draft","terms":[],"taxonomy":""},"publishpress_future_workflow_manual_trigger":{"enabledWorkflows":[]},"_links":{"self":[{"href":"https:\/\/jake-vision.pl\/pl_PL\/wp-json\/wp\/v2\/pages\/214","targetHints":{"allow":["GET"]}}],"collection":[{"href":"https:\/\/jake-vision.pl\/pl_PL\/wp-json\/wp\/v2\/pages"}],"about":[{"href":"https:\/\/jake-vision.pl\/pl_PL\/wp-json\/wp\/v2\/types\/page"}],"author":[{"embeddable":true,"href":"https:\/\/jake-vision.pl\/pl_PL\/wp-json\/wp\/v2\/users\/1"}],"replies":[{"embeddable":true,"href":"https:\/\/jake-vision.pl\/pl_PL\/wp-json\/wp\/v2\/comments?post=214"}],"version-history":[{"count":20,"href":"https:\/\/jake-vision.pl\/pl_PL\/wp-json\/wp\/v2\/pages\/214\/revisions"}],"predecessor-version":[{"id":9142,"href":"https:\/\/jake-vision.pl\/pl_PL\/wp-json\/wp\/v2\/pages\/214\/revisions\/9142"}],"wp:attachment":[{"href":"https:\/\/jake-vision.pl\/pl_PL\/wp-json\/wp\/v2\/media?parent=214"}],"curies":[{"name":"wp","href":"https:\/\/api.w.org\/{rel}","templated":true}]}}