{"id":14,"date":"2021-07-01T23:38:54","date_gmt":"2021-07-01T21:38:54","guid":{"rendered":"http:\/\/jake-vision.pl\/?page_id=14"},"modified":"2021-08-06T12:13:33","modified_gmt":"2021-08-06T10:13:33","slug":"kontakt","status":"publish","type":"page","link":"https:\/\/jake-vision.pl\/pl_PL\/kontakt\/","title":{"rendered":"Kontakt"},"content":{"rendered":"\n<h3>JAKE VISION SP. Z O.O. SP.K.<\/h3>\n\t\t\t\t<div class=\"divider\"><\/div>\n\t\t\t\t<div class=\"row\">\n\t\t\t\t\t<div class=\"col-md-5\">\n\t\t\t\t\t\t<p>\n\t\t\t\t\t\t\tAleja Stan\u00f3w Zjednoczonych 53<br \/>\n                                                        04-028 Warszawa<br \/>\n\t\t\t\t\t\t\tTel.: + 48 506 017 001<br \/>\n\t\t\t\t\t\t\tE-mail: biuro@jake-vision.pl<br \/>\n\t\t\t\t\t\t<\/p>\n\t\t\t\t\t<\/div>\n\t\t\t\t\t<div class=\"col-md-7\">\n\t\t\t\t\t\t<p>\n\t\t\t\t\t\t\tSp\u00f3\u0142ka zarejestrowana w Polsce<br \/>\n\t\t\t\t\t\t\tS\u0105d Rejonowy dla m. St. Warszawy w Warszawie,<br \/>\n\t\t\t\t\t\t\tXIII Wydzia\u0142 Gospodarczy Krajowego Rejestru S\u0105dowego<br \/>\n\t\t\t\t\t\t\tKRS: 0000402837<br \/>\n\t\t\t\t\t\t\tREGON: 145895355<br \/>\n\t\t\t\t\t\t\tNIP: 521-362-24-78\n\t\t\t\t\t\t<\/p>\n\t\t\t\t\t<\/div>\n\t\t\t\t<\/div>\n\t\t\t\t<div class=\"divider\"><\/div>\n\n<p class=\"small-bold\">\n\t\t\t\t\t\tZawsze jeste\u015bmy zainteresowani nowymi pomys\u0142ami. Nieustannie poszukujemy sprawdzonych format\u00f3w telewizyjnych. Je\u017celi jednak masz unikalny pomys\u0142 na format, kt\u00f3ry wci\u0105\u017c jest na papierze, ch\u0119tnie si\u0119 z nim zapoznamy. Przedstaw nam prosz\u0119 kr\u00f3tki opis swojego pomys\u0142u do rozpatrzenia przez naszych pracownik\u00f3w, wysy\u0142aj\u0105c maila pod adres:<br \/>\n\t\t\t\t\t\t<a href=\"mailto:myidea@jake-vision.pl\">myidea@jake-vision.pl<\/a>\n\t\t\t\t\t<\/p>\n\t\t\t\t\t<p class=\"disclaimer\">\n\t\t\t\t\t\tJe\u017celi pomys\u0142 nas zainteresuje, skontaktujemy si\u0119 z Pa\u0144stwem tak szybko, jak tylko to b\u0119dzie mo\u017cliwe.<br \/><br \/>\n\t\t\t\t\t\tUWAGA! Je\u017celi zdecydujesz si\u0119 przes\u0142a\u0107 nam listownie jakiekolwiek materia\u0142y (druk\/DVD\/ta\u015bma), robisz to z w\u0142asnej woli i na w\u0142asne ryzyko. Jake Vision nie ponosi \u017cadnej odpowiedzialno\u015bci za utrat\u0119 lub uszkodzenie takiego materia\u0142u i nie mo\u017ce by\u0107 zobowi\u0105zany do jego wykorzystania, ani te\u017c odes\u0142ania go do nadawcy. Jake Vision traktuje wszystkie przes\u0142ane informacje jako poufne, gdy tylko jest to mo\u017cliwe. Jake Vision nie mo\u017ce by\u0107 poci\u0105gni\u0119te do odpowiedzialno\u015bci z powodu podobnych pomys\u0142\u00f3w stworzonych przez inne strony, ani te\u017c nie ponosi odpowiedzialno\u015bci za ewentualnych na\u015bladowc\u00f3w.\n\t\t\t\t\t<\/p>\n\n\n\n<p><\/p>\n","protected":false},"excerpt":{"rendered":"<p><!-- wp:html --><\/p>\n<h3>JAKE VISION SP. Z O.O. SP.K.<\/h3>\n<div class=\"divider\"><\/div>\n<div class=\"row\">\n<div class=\"col-md-5\">\n<p>\n\t\t\t\t\t\t\tAleja Stan\u00f3w Zjednoczonych 53<br \/>\n                                                        04-028&#8230;<\/p>\n","protected":false},"author":1,"featured_media":0,"parent":0,"menu_order":0,"comment_status":"closed","ping_status":"closed","template":"contact.php","meta":{"footnotes":""},"class_list":["post-14","page","type-page","status-publish","hentry"],"publishpress_future_action":{"enabled":false,"date":"2026-04-25 16:18:15","action":"change-status","newStatus":"draft","terms":[],"taxonomy":""},"publishpress_future_workflow_manual_trigger":{"enabledWorkflows":[]},"_links":{"self":[{"href":"https:\/\/jake-vision.pl\/pl_PL\/wp-json\/wp\/v2\/pages\/14","targetHints":{"allow":["GET"]}}],"collection":[{"href":"https:\/\/jake-vision.pl\/pl_PL\/wp-json\/wp\/v2\/pages"}],"about":[{"href":"https:\/\/jake-vision.pl\/pl_PL\/wp-json\/wp\/v2\/types\/page"}],"author":[{"embeddable":true,"href":"https:\/\/jake-vision.pl\/pl_PL\/wp-json\/wp\/v2\/users\/1"}],"replies":[{"embeddable":true,"href":"https:\/\/jake-vision.pl\/pl_PL\/wp-json\/wp\/v2\/comments?post=14"}],"version-history":[{"count":21,"href":"https:\/\/jake-vision.pl\/pl_PL\/wp-json\/wp\/v2\/pages\/14\/revisions"}],"predecessor-version":[{"id":153,"href":"https:\/\/jake-vision.pl\/pl_PL\/wp-json\/wp\/v2\/pages\/14\/revisions\/153"}],"wp:attachment":[{"href":"https:\/\/jake-vision.pl\/pl_PL\/wp-json\/wp\/v2\/media?parent=14"}],"curies":[{"name":"wp","href":"https:\/\/api.w.org\/{rel}","templated":true}]}}