{"id":214,"date":"2021-08-15T22:35:25","date_gmt":"2021-08-15T20:35:25","guid":{"rendered":"http:\/\/jake-vision.pl\/?page_id=214"},"modified":"2025-08-05T22:26:51","modified_gmt":"2025-08-05T20:26:51","slug":"o-jake-vision","status":"publish","type":"page","link":"https:\/\/jake-vision.pl\/en_US\/o-jake-vision\/","title":{"rendered":"About Jake Vision"},"content":{"rendered":"\n<h4>\n                   The group <span>Jake Vision<\/span> is headed by the renowned producer and director <span>Beerend Jan Kepinski<\/span>, who was responsible for directing, among others &#8222;Dancing with the Stars&#8221; and &#8222;Dzie\u0144 Dobry TVN&#8221;. He is supported by an experienced international team that guarantees both professional execution and a fresh look at each potential project.\n<\/h4>\n<p class=\"small-p\">\n The company constantly invests in the latest technologies,ensuring the highest level of production.\n        <\/p>        \n\n                <p class=\"small-p\">\n                   As a leading player on the Polish television market, the Jake Vision group is responsible for the production of spectacularly successful productions that have been winning the hearts of viewers for years. Collaboration with key stations resulted in hits such as &#8222;Who Wants To Be a Millionaire&#8221;, &#8222;Ninja Warrior&#8221;, &#8222;The Mole&#8221;, &#8222;Hell&#8217;s Kitchen&#8221;, &#8222;Must be the Music&#8221;, &#8222;Survivor&#8221; and &#8222;Love Island&#8221;. Extensive experience and knowledge in the field of media allow us to successfully respond to the needs of both domestic and foreign clients, including corporations and media houses.\n                <\/p> \n\n                <p class=\"small-p\">\n                    In 2019, we took another step in the company&#8217;s development by taking over the majority of shares in DGA Studio and producing our first series, &#8222;Motive&#8221;, commissioned by TVN.\n                <\/p><br \/><br \/><br \/>\n\n\n\n<figure class=\"wp-block-image size-large\"><img loading=\"lazy\" decoding=\"async\" width=\"1024\" height=\"464\" src=\"http:\/\/jake-vision.pl\/wp-content\/uploads\/2021\/08\/beerend-jan-kepinski--1024x464.jpg\" alt=\"\" class=\"wp-image-202\" srcset=\"https:\/\/jake-vision.pl\/wp-content\/uploads\/2021\/08\/beerend-jan-kepinski--1024x464.jpg 1024w, https:\/\/jake-vision.pl\/wp-content\/uploads\/2021\/08\/beerend-jan-kepinski--300x136.jpg 300w, https:\/\/jake-vision.pl\/wp-content\/uploads\/2021\/08\/beerend-jan-kepinski--768x348.jpg 768w, https:\/\/jake-vision.pl\/wp-content\/uploads\/2021\/08\/beerend-jan-kepinski--1536x696.jpg 1536w, https:\/\/jake-vision.pl\/wp-content\/uploads\/2021\/08\/beerend-jan-kepinski--1200x544.jpg 1200w, https:\/\/jake-vision.pl\/wp-content\/uploads\/2021\/08\/beerend-jan-kepinski-.jpg 1920w\" sizes=\"auto, (max-width: 709px) 85vw, (max-width: 909px) 67vw, (max-width: 1362px) 62vw, 840px\" \/><\/figure>\n\n\n\n<h4><span>Beerend Jan Kepinski<\/span><br \/> Beerend Jan studied at the Film School in Lodz and began his career in Endemol Polska and were he directed \u201cBig Brother\u201d.<\/h4>\n\n<p>After in 2002 he worked in TVN and directed many shows such as \u201cDancing with the Stars\u201d.\nIn the years 1999-2005 he directed 460 episodes of the Game show \u201cWho Wants to be a Millionaire &#8211; Milionerzy\u201d.<br \/>\nAnd since 2008, he is also the producerof this program.<\/p>\n\n<p>In 2011 he founded Jake Vision.<br \/>\nIn Jake Vision we produced many TV shows such as \u201cMust Be the Music &#8211; Tylko Muzyka \u201c,\u201d The Mole \u2013 Agent\u201d,\u201d Top Chef \u201c,\u201d Hell\u2019s Kitchen\u201d, \u201cBake Off \u2013 Ale ciacho!\u201d, \u201cNinja Warrior\u201d and \u201cLove Island\u201d.<br \/>\nIn 2019 Jake Vision bought a majority in DGA, a company that produces TV series.<\/p>\n\n<p>The first TV series produced by Jake Vision DGA, was a TV series named \u201cMotyw &#8211; Motive\u201d.\nSince than we produced 4 more TV series such as \u201cTajemnica zawodowa &#8211; Professional secrecy\u201d, \u201cPiekni I Bezrobotni &#8211; Beautiful and unemployed\u201d and \u201cMamy To &#8211; We have it\u201d.<br \/>\nIn 2021 we founded a 3rd branch named Jake Vision Commercials.<\/p><br \/><br \/>\n\n\n\n<figure class=\"wp-block-image size-large\"><img loading=\"lazy\" decoding=\"async\" width=\"1024\" height=\"396\" src=\"http:\/\/jake-vision.pl\/wp-content\/uploads\/2021\/09\/dorota-kosmicka-gacke-1024x396.jpg\" alt=\"\" class=\"wp-image-255\" srcset=\"https:\/\/jake-vision.pl\/wp-content\/uploads\/2021\/09\/dorota-kosmicka-gacke-1024x396.jpg 1024w, https:\/\/jake-vision.pl\/wp-content\/uploads\/2021\/09\/dorota-kosmicka-gacke-300x116.jpg 300w, https:\/\/jake-vision.pl\/wp-content\/uploads\/2021\/09\/dorota-kosmicka-gacke-768x297.jpg 768w, https:\/\/jake-vision.pl\/wp-content\/uploads\/2021\/09\/dorota-kosmicka-gacke-1536x593.jpg 1536w, https:\/\/jake-vision.pl\/wp-content\/uploads\/2021\/09\/dorota-kosmicka-gacke-1200x464.jpg 1200w, https:\/\/jake-vision.pl\/wp-content\/uploads\/2021\/09\/dorota-kosmicka-gacke.jpg 1600w\" sizes=\"auto, (max-width: 709px) 85vw, (max-width: 909px) 67vw, (max-width: 1362px) 62vw, 840px\" \/><\/figure>\n\n\n\n<h4> <span>Dorota Ko\u015bmicka<\/span> \n<br \/>Dorota Ko\u015bmicka (born 1971) is one of the most respected film and television producers in Poland. <\/h4>\n\n<p>She started her career over 25 years ago at HBO as the head of the feature production department, producer and co-producer. In 2001-2008 she was associated with the TVN Group, where she worked on the most popular series of the station (including \u201cKasia i Tomek\u201d, \u201cCamera Cafe\u201d, \u201cHela w opa\u0142ach\u201d and \u201cNanny\u201d), as well as feature films: \u201cNever in life \u201cand\u201d Vinci. \u201cThen in 2008-2014 she was responsible for supervising the production of Telewizja Polska (including\u201d Rodzka.pl \u201c,\u201d Londoners \u201c,\u201d Czas honoru \u201c,\u201d Tancerze \u201c). ATM Ko\u015bmicka launched DGA Studio in 2017. As the company\u2019s vice president and supervising producer, she produced, among others, four seasons of the box office series \u201cDiagnoza\u201d for TVN and also \u201eMotyw\u201d, \u201eTajemnica zawodowa\u201d, \u201eMamy to\u201d oraz \u201ePi\u0119kni i bezrobotni\u201d. <\/p>\n\n<p>She is a laureate of prestigious awards, including the monthly \u201cPANI\u201d and \u201cElle\u201d. Nominated for Wiktor 2012. The series she co-created were awarded with Telekamers. <\/p><br \/><br \/>\n\n\n\n<figure class=\"wp-block-image size-large\"><img loading=\"lazy\" decoding=\"async\" width=\"1024\" height=\"464\" src=\"https:\/\/jake-vision.pl\/wp-content\/uploads\/2024\/12\/dominik-oganiaczyk-1024x464.jpg\" alt=\"\" class=\"wp-image-9018\" srcset=\"https:\/\/jake-vision.pl\/wp-content\/uploads\/2024\/12\/dominik-oganiaczyk-1024x464.jpg 1024w, https:\/\/jake-vision.pl\/wp-content\/uploads\/2024\/12\/dominik-oganiaczyk-300x136.jpg 300w, https:\/\/jake-vision.pl\/wp-content\/uploads\/2024\/12\/dominik-oganiaczyk-768x348.jpg 768w, https:\/\/jake-vision.pl\/wp-content\/uploads\/2024\/12\/dominik-oganiaczyk-1200x544.jpg 1200w, https:\/\/jake-vision.pl\/wp-content\/uploads\/2024\/12\/dominik-oganiaczyk.jpg 1536w\" sizes=\"auto, (max-width: 709px) 85vw, (max-width: 909px) 67vw, (max-width: 1362px) 62vw, 840px\" \/><\/figure>\n\n\n\n<h4><span>Dominik Oganiaczyk<\/span>  \n<br \/>Dominik Oganiaczyk studied at the Film and Television Production Faculty at the PWSFViT in \u0141\u00f3d\u017a and is also a graduate of Film Studies at the University of \u0141\u00f3d\u017a.<\/h4>\n\n<p>He developed his professional career by working at Jake Vision since the company&#8217;s inception, previously gaining experience at Intergalactic and collaborating on numerous sets with leading television producers in Poland.<\/p>\n\n<p>Since 2015, he has served as the Head of Production at Jake Vision. Over the years, he has produced numerous television programs that achieved significant success in Polish television. These include formats such as \u201cMust Be The Music,\u201d \u201cTop Chef,\u201d \u201cHell\u2019s Kitchen,\u201d \u201cAgent Gwiazdy,\u201d \u201cLove Island,\u201d \u201cEternal Glory,\u201d and others.<\/p>\n\n<p>His extensive experience has allowed him to master every stage of television production \u2013 from concept development through execution to the final on-screen result. Thanks to his expertise and passion for the industry, he combines creativity with a meticulous approach to every project, making him an indispensable specialist in delivering ambitious television formats.<\/p>\n<br \/><br \/>\n\n\n\n<figure class=\"wp-block-image size-large\"><img loading=\"lazy\" decoding=\"async\" width=\"1024\" height=\"464\" src=\"https:\/\/jake-vision.pl\/wp-content\/uploads\/2025\/04\/piotr-kabaj-1024x464.jpg\" alt=\"\" class=\"wp-image-9143\" srcset=\"https:\/\/jake-vision.pl\/wp-content\/uploads\/2025\/04\/piotr-kabaj-1024x464.jpg 1024w, https:\/\/jake-vision.pl\/wp-content\/uploads\/2025\/04\/piotr-kabaj-300x136.jpg 300w, https:\/\/jake-vision.pl\/wp-content\/uploads\/2025\/04\/piotr-kabaj-768x348.jpg 768w, https:\/\/jake-vision.pl\/wp-content\/uploads\/2025\/04\/piotr-kabaj-1200x544.jpg 1200w, https:\/\/jake-vision.pl\/wp-content\/uploads\/2025\/04\/piotr-kabaj.jpg 1536w\" sizes=\"auto, (max-width: 709px) 85vw, (max-width: 909px) 67vw, (max-width: 1362px) 62vw, 840px\" \/><\/figure>\n\n\n\n<h4><span>Piotr Kabaj<\/span> <br \/>Piotr Kabaj is a manager with over 35 years of experience in management, strategy building, and business development, gained primarily in the music industry<\/h4> \n<p>Over the years, he led, among others, Warner Music Poland and Warner Music structures in the Eastern European region. Now, he will use his expertise in scaling international projects to support Jake Vision in key areas of transformation and further growth. <\/p> \n\n<p>Piotr Kabaj co-created the phonographic market in Poland \u2013 from founding the independent label Pomaton, to managing EMI Music and Warner Music, and most recently serving as CEO at takt \u2013 one of the world\u2019s leading producers of vinyl and CD records. He is recognized as an effective leader, negotiator, and change architect. In the past, he actively participated in legislative processes advocating for copyright law reforms in Poland and the European Union.<\/p> <br \/><br \/>\n\n\n\n<p><\/p>\n","protected":false},"excerpt":{"rendered":"<p><!-- wp:html --><\/p>\n<h4>\n                   The group <span>Jake Vision<\/span> is headed by the renowned producer and director <span>Beerend Jan Kepinski<\/span>, who was responsible for directing, among others &#8222;Dancing with the Stars&#8221; and &#8222;Dzie\u0144 Dobry T&#8230;<\/p>\n","protected":false},"author":1,"featured_media":0,"parent":0,"menu_order":0,"comment_status":"closed","ping_status":"closed","template":"bio.php","meta":{"footnotes":""},"class_list":["post-214","page","type-page","status-publish","hentry"],"publishpress_future_action":{"enabled":false,"date":"2026-05-13 10:39:09","action":"change-status","newStatus":"draft","terms":[],"taxonomy":""},"publishpress_future_workflow_manual_trigger":{"enabledWorkflows":[]},"_links":{"self":[{"href":"https:\/\/jake-vision.pl\/en_US\/wp-json\/wp\/v2\/pages\/214","targetHints":{"allow":["GET"]}}],"collection":[{"href":"https:\/\/jake-vision.pl\/en_US\/wp-json\/wp\/v2\/pages"}],"about":[{"href":"https:\/\/jake-vision.pl\/en_US\/wp-json\/wp\/v2\/types\/page"}],"author":[{"embeddable":true,"href":"https:\/\/jake-vision.pl\/en_US\/wp-json\/wp\/v2\/users\/1"}],"replies":[{"embeddable":true,"href":"https:\/\/jake-vision.pl\/en_US\/wp-json\/wp\/v2\/comments?post=214"}],"version-history":[{"count":20,"href":"https:\/\/jake-vision.pl\/en_US\/wp-json\/wp\/v2\/pages\/214\/revisions"}],"predecessor-version":[{"id":9142,"href":"https:\/\/jake-vision.pl\/en_US\/wp-json\/wp\/v2\/pages\/214\/revisions\/9142"}],"wp:attachment":[{"href":"https:\/\/jake-vision.pl\/en_US\/wp-json\/wp\/v2\/media?parent=214"}],"curies":[{"name":"wp","href":"https:\/\/api.w.org\/{rel}","templated":true}]}}